{"id":203,"date":"2025-09-21T21:47:31","date_gmt":"2025-09-21T21:47:31","guid":{"rendered":"https:\/\/camposdeferias.com\/2026\/?page_id=203"},"modified":"2025-09-22T10:27:56","modified_gmt":"2025-09-22T10:27:56","slug":"testemunhos","status":"publish","type":"page","link":"https:\/\/camposdeferias.com\/2026\/testemunhos\/","title":{"rendered":"Testemunhos"},"content":{"rendered":"\n\n\n\n\n\n\n\n\n\n\n\n\n\n\n\n\n\n\n\n\n\n\n<p style=\"text-align: left;\"><span style=\"color: rgb(26, 27, 28); text-align: start;\">Todos os anos, mal chega o ver\u00e3o, j\u00e1 estou ansiosa para voltar ao Castor. \u00c9 um lugar especial onde fa\u00e7o novas amizades todos os anos, vivo aventuras incr\u00edveis e crio mem\u00f3rias inesquec\u00edveis.<\/span><\/p><p style=\"text-align: left;\"><span style=\"color: rgb(26, 27, 28); text-align: start;\">O que mais gosto no Castor \u00e9 a sensa\u00e7\u00e3o de liberdade e divers\u00e3o. As atividades s\u00e3o variadas e sempre emocionantes onde aprendemos a trabalhar em equipa e a adaptar-nos \u00e0s diferen\u00e7as de cada um. Al\u00e9m disso, descontra\u00edmos na piscina todas as tardes e conversamos na tijoleira \u00e1 noite, jogamos cartas e rimos muito.<\/span><\/p><p style=\"text-align: left;\"><span style=\"color: rgb(26, 27, 28); text-align: start;\">Outro motivo pelo qual adoro este campo \u00e9 pela equipa de monitores, que s\u00e3o sempre muito simp\u00e1ticos e tentam nos ajudar ao m\u00e1ximo. (Especialmente a Sofia, o Martinho e a melhor coordenadora, a Pipa). Nos quartos partilhamos mem\u00f3rias umas com as outras, dormimos na mesma cama e criamos amizades para a vida.<\/span><\/p><p style=\"text-align: left;\"><span style=\"color: rgb(26, 27, 28); text-align: start;\">A limita\u00e7\u00e3o ao telem\u00f3vel permite-nos desconectar da tecnologia e aproveitar melhor a semana. Cada vez que acaba o turno, volto para casa chorosa mas feliz e com vontade de voltar para o ano.<\/span><\/p>\n\n\n\n\n<p style=\"text-align: left;\"><span style=\"color: rgb(26, 27, 28); text-align: start;\">Para mim o Castor \u00e9 como se fosse uma segunda casa. Fa\u00e7o mais amigos no Castor do que em outro lado qualquer. \u00c9 um s\u00edtio onde \u00e9 dado conforto e felicidade, \u00e9 imposs\u00edvel estarmos tristes no Castor. \u00c9 um s\u00edtio onde me sinto respeitada. As atividades alem de serem divertidas s\u00e3o desafiantes. Os animadores s\u00e3o bacanos e inesquec\u00edveis. E o Martinho\u2026 \u00e9 um amigo para a vida.<\/span><\/p>\n\n\n\n\n<p style=\"text-align: left;\"><span style=\"color: rgb(26, 27, 28); text-align: start;\">Queria come\u00e7ar por deixar um enorme agradecimento a todos os que fizeram parte desta minha primeira aventura no lugar onde foi praticamente a minha casa neste ver\u00e3o.<\/span><\/p><p style=\"text-align: left;\"><span style=\"color: rgb(26, 27, 28); text-align: start;\">Foram dias intensos, cheios de aprendizagens, desafios e momentos \u00fanicos que vou levar comigo para sempre.<\/span><\/p><p style=\"text-align: left;\"><span style=\"color: rgb(26, 27, 28); text-align: start;\">Entrei sem saber exatamente o que esperar, mas saio com o cora\u00e7\u00e3o cheio, com muitas hist\u00f3rias para contar e, acima de tudo, com a certeza de que cresci como pessoa.<\/span><\/p><p style=\"text-align: left;\"><span style=\"color: rgb(26, 27, 28); text-align: start;\">Cada sorriso, cada palavra de apoio e cada gesto de amizade fez a diferen\u00e7a.<\/span><\/p><p style=\"text-align: left;\"><span style=\"color: rgb(26, 27, 28); text-align: start;\">Ajudaram-me a ultrapassar os momentos mais dif\u00edceis, a descobrir for\u00e7as que nem sabia que tinha e a olhar para tudo com uma nova perspetiva.<\/span><\/p><p style=\"text-align: left;\"><span style=\"color: rgb(26, 27, 28); text-align: start;\">Senti-me sempre acompanhada, acolhida, valorizada e isso \u00e9 algo que n\u00e3o tem pre\u00e7o.<\/span><\/p><p style=\"text-align: left;\"><span style=\"color: rgb(26, 27, 28); text-align: start;\">N\u00e3o podia deixar de falar dos meus pequeninos\/as! Foram eles que deram vida a tudo isto: as gargalhadas, as perguntas inesperadas, as birrinhas que viravam hist\u00f3rias engra\u00e7adas, a energia inesgot\u00e1vel que nos fazia correr atr\u00e1s deles\u2026 e aquela maneira \u00fanica que t\u00eam de transformar at\u00e9 os momentos mais simples em mem\u00f3rias especiais. Foram eles que me lembraram todos os dias o porque de ali estar.<\/span><\/p><p style=\"text-align: left;\"><span style=\"color: rgb(26, 27, 28); text-align: start;\">Quero tamb\u00e9m deixar uma palavra especial a pessoa que mais me ajudou e me fez acreditar, o Martinho, obrigado pela confian\u00e7a, pela paci\u00eancia, pela forma como estiveste sempre presente para orientar e apoiar quando era preciso. A tua dedica\u00e7\u00e3o e boa disposi\u00e7\u00e3o fizeram toda a diferen\u00e7a e ajudaram-me n\u00e3o s\u00f3 a aprender, mas tamb\u00e9m a sentir-me parte de algo maior.<\/span><\/p><p style=\"text-align: left;\"><span style=\"color: rgb(26, 27, 28); text-align: start;\">N\u00e3o foram s\u00f3 as atividades ou o trabalho em si que marcaram estes dias, mas sim as pessoas, todos contribu\u00edram para que este campo fosse uma experi\u00eancia incrivelmente. Todos deixaram uma marca em mim e ajudaram-me a crescer, n\u00e3o s\u00f3 no que fiz, mas tamb\u00e9m no que sou.<\/span><\/p><p style=\"text-align: left;\"><span style=\"color: rgb(26, 27, 28); text-align: start;\">Saio com mais confian\u00e7a, com mais vontade de me dedicar aos outros e com uma enorme gratid\u00e3o.<\/span><\/p><p style=\"text-align: left;\"><span style=\"color: rgb(26, 27, 28); text-align: start;\">Obrigado por cada momento partilhado, por cada gargalhada, por cada li\u00e7\u00e3o e, sobretudo, por me terem feito sentir parte desta grande fam\u00edlia.<\/span><\/p><p style=\"text-align: left;\"><span style=\"color: rgb(26, 27, 28); text-align: start;\">Castor 2025&nbsp;<\/span><img decoding=\"async\" draggable=\"true\" role=\"img\" class=\"emoji\" alt=\"\u2764\ufe0f\" src=\"https:\/\/s.w.org\/images\/core\/emoji\/16.0.1\/svg\/2764.svg\" style=\"color: rgb(26, 27, 28); text-align: start;\"><img decoding=\"async\" draggable=\"true\" role=\"img\" class=\"emoji\" alt=\"\ud83e\uddab\" src=\"https:\/\/s.w.org\/images\/core\/emoji\/16.0.1\/svg\/1f9ab.svg\" style=\"color: rgb(26, 27, 28); text-align: start;\"><\/p>\n\n\n\n\n<table border=\"1\" style=\"text-align: start; border-collapse: collapse; width: 1149.98px;\"><tbody><tr><td style=\"width: 1148.98px;\"><p style=\"font-family: &quot;Source Sans Pro&quot;; font-size: 16px; font-weight: 400; line-height: 1.25;\">Os campos de F\u00e9rias do Castor, desde h\u00e1 25 anos a esta parte, s\u00e3o o meu projeto de vida, o meu sonho emoldurado com os vossos sorrisos, as vossas palavras amigas, as nossas brincadeiras, os nossos &#8220;desatinos&#8221; e os vossos abra\u00e7os sentidos.<\/p><p style=\"font-family: &quot;Source Sans Pro&quot;; font-size: 16px; font-weight: 400; line-height: 1.25;\">Todos voc\u00eas se tornaram parte da &#8220;Fam\u00edlia do Castor&#8221; como voc\u00eas pr\u00f3prios o afirmam.<\/p><p style=\"font-family: &quot;Source Sans Pro&quot;; font-size: 16px; font-weight: 400; line-height: 1.25;\">Como se transformaram parte desta fam\u00edlia?<\/p><p style=\"font-family: &quot;Source Sans Pro&quot;; font-size: 16px; font-weight: 400; line-height: 1.25;\">Ao serem um exemplo de paix\u00e3o, amor e dedica\u00e7\u00e3o a um projeto e aos seus objetivos, transmitindo valores tais como a amizade e o esp\u00edrito de grupo, entre muitos outros, a crian\u00e7as e jovens que por aqui passaram.<\/p><p style=\"font-family: &quot;Source Sans Pro&quot;; font-size: 16px; font-weight: 400; line-height: 1.25;\">Na hist\u00f3ria do nosso Campo de F\u00e9rias passaram muitos animadores que deram seguramente o melhor do que tinham e n\u00e3o tinham para que os participantes se sentissem no mundo da magia que todos n\u00f3s lhes queremos proporcionar.<\/p><p style=\"font-family: &quot;Source Sans Pro&quot;; font-size: 16px; font-weight: 400; line-height: 1.25;\">Esse objetivo tem sido atingido e \u00e9 medido, n\u00e3o s\u00f3 por mensagens enviadas por Pais e filhos, mas por vermos antigos participantes a fazerem a Forma\u00e7\u00e3o de Animadores para com isso retribuir a outros o que de v\u00f3s receberam.<\/p><p style=\"font-family: &quot;Source Sans Pro&quot;; font-size: 16px; font-weight: 400; line-height: 1.25;\">Eu, para voc\u00eas, s\u00f3 tenho palavras de agradecimento.<\/p><p style=\"font-family: &quot;Source Sans Pro&quot;; font-size: 16px; font-weight: 400; line-height: 1.25;\">Nos meus 25 anos de Castor tenho-vos, seguramente, no p\u00f3dio das pessoas mais importantes com que trabalhei.<\/p><p style=\"font-family: &quot;Source Sans Pro&quot;; font-size: 16px; font-weight: 400; line-height: 1.25; text-align: right;\"><span style=\"font-weight: bolder;\">OBRIGADO A TODOS!<\/span><\/p><\/td><\/tr><\/tbody><\/table>\n\n\n","protected":false},"excerpt":{"rendered":"","protected":false},"author":1,"featured_media":0,"parent":0,"menu_order":0,"comment_status":"closed","ping_status":"closed","template":"","meta":{"pagelayer_contact_templates":[],"_pagelayer_content":"","footnotes":""},"class_list":["post-203","page","type-page","status-publish","hentry"],"_links":{"self":[{"href":"https:\/\/camposdeferias.com\/2026\/wp-json\/wp\/v2\/pages\/203","targetHints":{"allow":["GET"]}}],"collection":[{"href":"https:\/\/camposdeferias.com\/2026\/wp-json\/wp\/v2\/pages"}],"about":[{"href":"https:\/\/camposdeferias.com\/2026\/wp-json\/wp\/v2\/types\/page"}],"author":[{"embeddable":true,"href":"https:\/\/camposdeferias.com\/2026\/wp-json\/wp\/v2\/users\/1"}],"replies":[{"embeddable":true,"href":"https:\/\/camposdeferias.com\/2026\/wp-json\/wp\/v2\/comments?post=203"}],"version-history":[{"count":15,"href":"https:\/\/camposdeferias.com\/2026\/wp-json\/wp\/v2\/pages\/203\/revisions"}],"predecessor-version":[{"id":229,"href":"https:\/\/camposdeferias.com\/2026\/wp-json\/wp\/v2\/pages\/203\/revisions\/229"}],"wp:attachment":[{"href":"https:\/\/camposdeferias.com\/2026\/wp-json\/wp\/v2\/media?parent=203"}],"curies":[{"name":"wp","href":"https:\/\/api.w.org\/{rel}","templated":true}]}}