{"id":488,"date":"2026-02-27T20:53:52","date_gmt":"2026-02-27T20:53:52","guid":{"rendered":"https:\/\/camposdeferias.com\/2026\/?page_id=488"},"modified":"2026-04-10T19:35:55","modified_gmt":"2026-04-10T19:35:55","slug":"podcast-do-castor","status":"publish","type":"page","link":"https:\/\/camposdeferias.com\/2026\/podcast-do-castor\/","title":{"rendered":"Podcast do Castor"},"content":{"rendered":"\n\n\n\n<p><br><\/p>\n\n\n\n<p><span style=\"\" class=\"yt-core-attributed-string yt-core-attributed-string--white-space-pre-wrap\" dir=\"auto\" role=\"text\"><span class=\"yt-core-attributed-string--link-inherit-color\" style=\"color: rgb(19, 19, 19);\" dir=\"auto\"><strong>Epis\u00f3dio 09\n<\/strong><\/span><\/span><\/p>\n<p><span style=\"\" class=\"yt-core-attributed-string yt-core-attributed-string--white-space-pre-wrap\" dir=\"auto\" role=\"text\"><span class=\"yt-core-attributed-string--link-inherit-color\" style=\"color: rgb(19, 19, 19);\" dir=\"auto\"><strong>Uma conversa franca e informal com a Andressa Gon\u00e7alves,  animadora nos Campos de f\u00e9rias do Castor.<\/strong><\/span><\/span><\/p>\n\n\n\n\n\n<p><span style=\"color: rgb(19, 19, 19); font-family: Roboto, Arial, sans-serif; font-size: 14px; font-style: normal; font-variant-ligatures: normal; font-variant-caps: normal; font-weight: 400; letter-spacing: normal; orphans: 2; text-align: start; text-indent: 0px; text-transform: none; widows: 2; word-spacing: 0px; -webkit-text-stroke-width: 0px; white-space: pre-wrap; background-color: rgba(0, 0, 0, 0.05); text-decoration-thickness: initial; text-decoration-style: initial; text-decoration-color: initial; display: inline !important; float: none;\">Epis\u00f3dio 08\nUma conversa franca e informal com a Ana Ferreira, m\u00e3e de uma participante nos Campos de f\u00e9rias do Castor<\/span><\/p>\n\n\n\n<p><span style=\"color: rgb(19, 19, 19); font-family: Roboto, Arial, sans-serif; font-size: 14px; font-style: normal; font-variant-ligatures: normal; font-variant-caps: normal; font-weight: 400; letter-spacing: normal; orphans: 2; text-align: start; text-indent: 0px; text-transform: none; widows: 2; word-spacing: 0px; -webkit-text-stroke-width: 0px; white-space: pre-wrap; background-color: rgba(0, 0, 0, 0.05); text-decoration-thickness: initial; text-decoration-style: initial; text-decoration-color: initial; display: inline !important; float: none;\">Epis\u00f3dio 07\nUma conversa franca e informal com a Beatriz Ahchak, uma animadora nos Campos de f\u00e9rias do Castor<\/span><\/p>\n\n\n\n\n\n<p><span style=\"color: rgb(19, 19, 19); font-family: Roboto, Arial, sans-serif; font-size: 14px; font-style: normal; font-variant-ligatures: normal; font-variant-caps: normal; font-weight: 400; letter-spacing: normal; orphans: 2; text-align: start; text-indent: 0px; text-transform: none; widows: 2; word-spacing: 0px; -webkit-text-stroke-width: 0px; white-space: pre-wrap; background-color: rgba(0, 0, 0, 0.05); text-decoration-thickness: initial; text-decoration-style: initial; text-decoration-color: initial; display: inline !important; float: none;\">Epis\u00f3dio 06\nUma conversa franca e informal com o Diogo, foi participante e hoje \u00e9 animador nos Campos de f\u00e9rias do Castor<\/span><\/p>\n\n\n\n<p><span style=\"color: rgb(19, 19, 19); font-family: Roboto, Arial, sans-serif; font-size: 14px; font-style: normal; font-variant-ligatures: normal; font-variant-caps: normal; font-weight: 400; letter-spacing: normal; orphans: 2; text-align: start; text-indent: 0px; text-transform: none; widows: 2; word-spacing: 0px; -webkit-text-stroke-width: 0px; white-space: pre-wrap; background-color: rgba(0, 0, 0, 0.05); text-decoration-thickness: initial; text-decoration-style: initial; text-decoration-color: initial; display: inline !important; float: none;\">Epis\u00f3dio 05\nUma conversa franca e informal com a Ana Cale\u00e7o, m\u00e3e de uma participante nos Campos de f\u00e9rias do Casto<\/span><\/p>\n\n\n\n\n\n<p><span style=\"color: rgb(19, 19, 19); font-family: Roboto, Arial, sans-serif; font-size: 14px; font-style: normal; font-variant-ligatures: normal; font-variant-caps: normal; font-weight: 400; letter-spacing: normal; orphans: 2; text-align: start; text-indent: 0px; text-transform: none; widows: 2; word-spacing: 0px; -webkit-text-stroke-width: 0px; white-space: pre-wrap; background-color: rgba(0, 0, 0, 0.05); text-decoration-thickness: initial; text-decoration-style: initial; text-decoration-color: initial; display: inline !important; float: none;\">Epis\u00f3dio 04\nUma conversa franca e informal com a Sofia Correia, coordenadora geral nos Campos de f\u00e9rias do Castor<\/span><\/p>\n\n\n\n<p><span style=\"color: rgb(19, 19, 19); font-family: Roboto, Arial, sans-serif; font-size: 14px; font-style: normal; font-variant-ligatures: normal; font-variant-caps: normal; font-weight: 400; letter-spacing: normal; orphans: 2; text-align: start; text-indent: 0px; text-transform: none; widows: 2; word-spacing: 0px; -webkit-text-stroke-width: 0px; white-space: pre-wrap; background-color: rgba(0, 0, 0, 0.05); text-decoration-thickness: initial; text-decoration-style: initial; text-decoration-color: initial; display: inline !important; float: none;\">Epis\u00f3dio 03<\/span><\/p>\n<p><span style=\"color: rgb(19, 19, 19); font-family: Roboto, Arial, sans-serif; font-size: 14px; font-style: normal; font-variant-ligatures: normal; font-variant-caps: normal; font-weight: 400; letter-spacing: normal; orphans: 2; text-align: start; text-indent: 0px; text-transform: none; widows: 2; word-spacing: 0px; -webkit-text-stroke-width: 0px; white-space: pre-wrap; background-color: rgba(0, 0, 0, 0.05); text-decoration-thickness: initial; text-decoration-style: initial; text-decoration-color: initial; display: inline !important; float: none;\">Uma conversa franca e informal com Rui Martins, pai de duas participantes nos Campos de f\u00e9rias do Castor<\/span><\/p>\n\n\n\n\n\n<p><span style=\"color: rgb(19, 19, 19); font-family: Roboto, Arial, sans-serif; font-size: 14px; font-style: normal; font-variant-ligatures: normal; font-variant-caps: normal; font-weight: 400; letter-spacing: normal; orphans: 2; text-align: start; text-indent: 0px; text-transform: none; widows: 2; word-spacing: 0px; -webkit-text-stroke-width: 0px; white-space: pre-wrap; background-color: rgba(0, 0, 0, 0.05); text-decoration-thickness: initial; text-decoration-style: initial; text-decoration-color: initial; display: inline !important; float: none;\">Epis\u00f3dio 02\nUma conversa franca e informal com a Silvia Coroi, participante nos Campos de f\u00e9rias do Castor<\/span><\/p>\n\n\n\n<p><span style=\"color: rgb(19, 19, 19); font-family: Roboto, Arial, sans-serif; font-size: 14px; font-style: normal; font-variant-ligatures: normal; font-variant-caps: normal; font-weight: 400; letter-spacing: normal; orphans: 2; text-align: start; text-indent: 0px; text-transform: none; widows: 2; word-spacing: 0px; -webkit-text-stroke-width: 0px; white-space: pre-wrap; background-color: rgba(0, 0, 0, 0.05); text-decoration-thickness: initial; text-decoration-style: initial; text-decoration-color: initial; display: inline !important; float: none;\">Epis\u00f3dio 01\nBeatriz Ahchak entrevista o Diretor dos campos de f\u00e9rias do Castor<\/span><\/p>\n\n\n","protected":false},"excerpt":{"rendered":"","protected":false},"author":1,"featured_media":0,"parent":0,"menu_order":0,"comment_status":"closed","ping_status":"closed","template":"","meta":{"pagelayer_contact_templates":[],"_pagelayer_content":"","footnotes":""},"class_list":["post-488","page","type-page","status-publish","hentry"],"_links":{"self":[{"href":"https:\/\/camposdeferias.com\/2026\/wp-json\/wp\/v2\/pages\/488","targetHints":{"allow":["GET"]}}],"collection":[{"href":"https:\/\/camposdeferias.com\/2026\/wp-json\/wp\/v2\/pages"}],"about":[{"href":"https:\/\/camposdeferias.com\/2026\/wp-json\/wp\/v2\/types\/page"}],"author":[{"embeddable":true,"href":"https:\/\/camposdeferias.com\/2026\/wp-json\/wp\/v2\/users\/1"}],"replies":[{"embeddable":true,"href":"https:\/\/camposdeferias.com\/2026\/wp-json\/wp\/v2\/comments?post=488"}],"version-history":[{"count":35,"href":"https:\/\/camposdeferias.com\/2026\/wp-json\/wp\/v2\/pages\/488\/revisions"}],"predecessor-version":[{"id":624,"href":"https:\/\/camposdeferias.com\/2026\/wp-json\/wp\/v2\/pages\/488\/revisions\/624"}],"wp:attachment":[{"href":"https:\/\/camposdeferias.com\/2026\/wp-json\/wp\/v2\/media?parent=488"}],"curies":[{"name":"wp","href":"https:\/\/api.w.org\/{rel}","templated":true}]}}