{"id":88,"date":"2025-09-18T22:45:30","date_gmt":"2025-09-18T22:45:30","guid":{"rendered":"https:\/\/camposdeferias.com\/2026\/?page_id=88"},"modified":"2025-12-30T10:40:58","modified_gmt":"2025-12-30T10:40:58","slug":"formacao-de-animadores","status":"publish","type":"page","link":"https:\/\/camposdeferias.com\/2026\/formacao-de-animadores\/","title":{"rendered":"Forma\u00e7\u00e3o de Animadores"},"content":{"rendered":"\n\n\n<p class=\"MsoNormal\" align=\"center\" style=\"text-align:center\"><\/p><p class=\"MsoNormal\"><span style=\"font-family:&quot;Tahoma&quot;,sans-serif;mso-ansi-language:\nPT\">&nbsp;<\/span><\/p><p class=\"MsoNormal\"><span style=\"font-size:10.0pt;font-family:&quot;Tahoma&quot;,sans-serif;mso-ansi-language:PT\"><strong>Destinat\u00e1rios<\/strong><br>&#8211; A forma\u00e7\u00e3o destina-se a jovens a partir dos 17 anos.<\/span><span style=\"font-family:&quot;Tahoma&quot;,sans-serif;mso-ansi-language:PT\"><\/span><\/p><p class=\"MsoNormal\" style=\"mso-margin-top-alt:auto;mso-margin-bottom-alt:auto;\ntext-align:justify\"><span style=\"font-size:10.0pt;font-family:&quot;Tahoma&quot;,sans-serif;\nmso-ansi-language:PT\"><strong>Inscri\u00e7\u00f5es<\/strong> \u2013 S\u00e3o abertas a Empresas e Particulares.<\/span><span style=\"font-family:&quot;Tahoma&quot;,sans-serif;mso-ansi-language:PT\"><\/span><\/p><p class=\"Default\"><span style=\"font-size:10.0pt;color:windowtext\"><strong>Pre\u00e7o<\/strong>: 168.06<br>euros<\/span><\/p><p class=\"Default\"><span style=\"font-size:10.0pt;color:windowtext\">&nbsp;<\/span><\/p><p class=\"Default\"><span style=\"font-size:10.0pt;color:windowtext\">O pre\u00e7o inclui<br>Estadia completa, Equipa de Formadores, Programa e material para atividades,<br>Seguro, Assist\u00eancia medicamentosa e certificado.<\/span><\/p><p class=\"Default\"><span style=\"font-size:10.0pt\">&nbsp;<\/span><\/p><p class=\"MsoNormal\"><span style=\"font-size:10.0pt;font-family:&quot;Tahoma&quot;,sans-serif;mso-ansi-language:PT\"><strong>Datas<\/strong><br>\u2013 02 a 05 de abril de 2026<\/span><\/p><p class=\"MsoNormal\" align=\"center\" style=\"mso-margin-top-alt:auto;mso-margin-bottom-alt:\nauto;text-align:center\"><strong><span style=\"font-size:10.0pt;font-family:&quot;Tahoma&quot;,sans-serif;\nmso-ansi-language:PT\">CURRICULUM DA FORMA\u00c7\u00c3O<\/span><\/strong><span style=\"font-size:\n10.0pt;font-family:&quot;Tahoma&quot;,sans-serif;mso-ansi-language:PT\"><\/span><\/p><p class=\"MsoNormal\" align=\"center\" style=\"mso-margin-top-alt:auto;mso-margin-bottom-alt:\nauto;text-align:center\"><strong><span style=\"font-size:10.0pt;font-family:&quot;Tahoma&quot;,sans-serif;\nmso-ansi-language:PT\">ORGANIZA\u00c7\u00c3O E PROGRAMA\u00c7\u00c3O &#8211;<\/span><\/strong><span style=\"font-size:10.0pt;font-family:&quot;Tahoma&quot;,sans-serif;mso-ansi-language:PT\"><br>(Objectivos Gerais e Espec\u00edficos).<\/span><\/p><p class=\"MsoNormal\" align=\"center\" style=\"mso-margin-top-alt:auto;mso-margin-bottom-alt:\nauto;text-align:center\"><strong><span style=\"font-size:10.0pt;font-family:&quot;Tahoma&quot;,sans-serif;\nmso-ansi-language:PT\">DIN\u00c2MICA DE GRUPOS &#8211;<\/span><\/strong><span style=\"font-size:\n10.0pt;font-family:&quot;Tahoma&quot;,sans-serif;mso-ansi-language:PT\"> (Rela\u00e7\u00f5es<br>Inter-Pessoais)<\/span><\/p><p class=\"MsoNormal\" align=\"center\" style=\"mso-margin-top-alt:auto;mso-margin-bottom-alt:\nauto;text-align:center\"><strong><span style=\"font-size:10.0pt;font-family:&quot;Tahoma&quot;,sans-serif;\nmso-ansi-language:PT\">PSICOPEDAGOGIA INFANTIL E JUVENIL &#8211;<\/span><\/strong><span style=\"font-size:10.0pt;font-family:&quot;Tahoma&quot;,sans-serif;mso-ansi-language:PT\"><br>(Experi\u00eancias Vividas \/ N\u00e3o \u00e0s Receitas)<\/span><\/p><p class=\"MsoNormal\" align=\"center\" style=\"mso-margin-top-alt:auto;mso-margin-bottom-alt:\nauto;text-align:center\"><strong><span style=\"font-size:10.0pt;font-family:&quot;Tahoma&quot;,sans-serif;\nmso-ansi-language:PT\">RECREA\u00c7\u00c3O \u2013<\/span><\/strong><span style=\"font-size:10.0pt;\nfont-family:&quot;Tahoma&quot;,sans-serif;mso-ansi-language:PT\"> (Jogos de Interior e<br>Exterior)<\/span><\/p><p class=\"MsoNormal\" align=\"center\" style=\"mso-margin-top-alt:auto;mso-margin-bottom-alt:\nauto;text-align:center\"><strong><span style=\"font-size:10.0pt;font-family:&quot;Tahoma&quot;,sans-serif;\nmso-ansi-language:PT\">ATIVIDADES AVENTURA<\/span><\/strong><span style=\"font-size:\n10.0pt;font-family:&quot;Tahoma&quot;,sans-serif;mso-ansi-language:PT\"><\/span><\/p><p class=\"MsoNormal\" align=\"center\" style=\"mso-margin-top-alt:auto;mso-margin-bottom-alt:\nauto;text-align:center\"><strong><span style=\"font-size:10.0pt;font-family:&quot;Tahoma&quot;,sans-serif;\nmso-ansi-language:PT\">SEGURAN\u00c7A DE GRUPOS<\/span><\/strong><span style=\"font-size:\n10.0pt;font-family:&quot;Tahoma&quot;,sans-serif;mso-ansi-language:PT\"><\/span><\/p><p class=\"MsoNormal\"><strong><span style=\"font-size:10.0pt;font-family:&quot;Tahoma&quot;,sans-serif;mso-ansi-language:PT\">&nbsp;<\/span><\/strong><span style=\"font-size:10.0pt;font-family:&quot;Tahoma&quot;,sans-serif;mso-ansi-language:PT\"><\/span><\/p><p class=\"MsoNormal\"><strong><span style=\"font-size:10.0pt;font-family:&quot;Tahoma&quot;,sans-serif;mso-ansi-language:PT\">PARTIDAS<br>E CHEGADAS<\/span><\/strong><span style=\"font-size:10.0pt;font-family:&quot;Tahoma&quot;,sans-serif;\nmso-ansi-language:PT\"><\/span><\/p><p class=\"MsoNormal\"><span style=\"font-size:10.0pt;font-family:&quot;Tahoma&quot;,sans-serif;mso-ansi-language:PT\">Dever\u00e3o<br>chegar ao Campo de F\u00e9rias no primeiro dia do curso (02 de abril) entre as<br>20:00 e as 20:30 Horas <br><br>O regresso a casa \u00e9 no \u00faltimo dia da Forma\u00e7\u00e3o 05 de abril) \u00e1s 11:00 Hs<\/span><\/p><p class=\"MsoNormal\"><strong><span style=\"font-size:10.0pt;font-family:&quot;Tahoma&quot;,sans-serif;mso-ansi-language:PT\"><br><\/span><\/strong><\/p>\n\n<p class=\"MsoNormal\"><b><span style=\"font-size:10.0pt;font-family:&quot;Tahoma&quot;,sans-serif;mso-ansi-language:PT\">NOTA<\/span><\/b><span style=\"font-size:10.0pt;font-family:&quot;Tahoma&quot;,sans-serif;mso-ansi-language:PT\"><o:p><\/o:p><\/span><\/p><p>\n\n\n\n\n\n\n\n\n\n\n\n\n\n\n\n\n\n\n\n\n\n\n\n\n\n\n\n\n\n\n\n\n\n\n\n\n\n\n\n\n\n\n\n<\/p><p class=\"MsoNormal\"><span style=\"font-size:10.0pt;font-family:&quot;Tahoma&quot;,sans-serif;mso-ansi-language:PT\">Os\nformandos que mediante sele\u00e7\u00e3o feita pela equipa de formadores, estejam\ninteressados em fazer parte do Staff do Castor, ter\u00e3o uma semana formativa em contexto pr\u00e1tico, com crian\u00e7as e jovens, nos nossos Campos de F\u00e9rias, consoante\ndisponibilidades dadas pelos pr\u00f3prios.<o:p><\/o:p><\/span><\/p>\n\n\n\n\n\n{&#8220;display_title&#8221;:&#8221;0&#8243;,&#8221;form_id&#8221;:&#8221;2&#8243;}\n\n\n","protected":false},"excerpt":{"rendered":"","protected":false},"author":1,"featured_media":0,"parent":0,"menu_order":0,"comment_status":"closed","ping_status":"closed","template":"","meta":{"pagelayer_contact_templates":[],"_pagelayer_content":"","footnotes":""},"class_list":["post-88","page","type-page","status-publish","hentry"],"_links":{"self":[{"href":"https:\/\/camposdeferias.com\/2026\/wp-json\/wp\/v2\/pages\/88","targetHints":{"allow":["GET"]}}],"collection":[{"href":"https:\/\/camposdeferias.com\/2026\/wp-json\/wp\/v2\/pages"}],"about":[{"href":"https:\/\/camposdeferias.com\/2026\/wp-json\/wp\/v2\/types\/page"}],"author":[{"embeddable":true,"href":"https:\/\/camposdeferias.com\/2026\/wp-json\/wp\/v2\/users\/1"}],"replies":[{"embeddable":true,"href":"https:\/\/camposdeferias.com\/2026\/wp-json\/wp\/v2\/comments?post=88"}],"version-history":[{"count":19,"href":"https:\/\/camposdeferias.com\/2026\/wp-json\/wp\/v2\/pages\/88\/revisions"}],"predecessor-version":[{"id":452,"href":"https:\/\/camposdeferias.com\/2026\/wp-json\/wp\/v2\/pages\/88\/revisions\/452"}],"wp:attachment":[{"href":"https:\/\/camposdeferias.com\/2026\/wp-json\/wp\/v2\/media?parent=88"}],"curies":[{"name":"wp","href":"https:\/\/api.w.org\/{rel}","templated":true}]}}